{"id":36,"date":"2025-04-29T08:40:43","date_gmt":"2025-04-29T08:40:43","guid":{"rendered":"https:\/\/matusmuzila.sk\/?page_id=36"},"modified":"2025-05-02T12:10:57","modified_gmt":"2025-05-02T12:10:57","slug":"o-mne","status":"publish","type":"page","link":"https:\/\/matusmuzila.sk\/en\/o-mne\/","title":{"rendered":"About me"},"content":{"rendered":"<div data-elementor-type=\"wp-page\" data-elementor-id=\"36\" class=\"elementor elementor-36\" data-elementor-post-type=\"page\">\n\t\t\t\t<div class=\"elementor-element elementor-element-af043e5 e-flex e-con-boxed e-con e-parent\" data-id=\"af043e5\" data-element_type=\"container\" data-settings=\"{&quot;background_background&quot;:&quot;classic&quot;}\">\n\t\t\t\t\t<div class=\"e-con-inner\">\n\t\t<div class=\"elementor-element elementor-element-8c83422 e-con-full e-flex e-con e-child\" data-id=\"8c83422\" data-element_type=\"container\">\n\t\t<div class=\"elementor-element elementor-element-0d61f05 e-con-full e-flex e-con e-child\" data-id=\"0d61f05\" data-element_type=\"container\">\n\t\t\t\t<div class=\"elementor-element elementor-element-412c898 elementor-widget__width-initial elementor-widget elementor-widget-heading\" data-id=\"412c898\" data-element_type=\"widget\" data-widget_type=\"heading.default\">\n\t\t\t\t<div class=\"elementor-widget-container\">\n\t\t\t\t\t<h2 class=\"elementor-heading-title elementor-size-default\">I \/am Mat\u00fa\u0161<\/h2>\t\t\t\t<\/div>\n\t\t\t\t<\/div>\n\t\t\t\t<\/div>\n\t\t<div class=\"elementor-element elementor-element-15f412b e-con-full e-flex e-con e-child\" data-id=\"15f412b\" data-element_type=\"container\">\n\t\t<div class=\"elementor-element elementor-element-86a693a e-con-full e-flex e-con e-child\" data-id=\"86a693a\" data-element_type=\"container\">\n\t\t<div class=\"elementor-element elementor-element-dda2129 e-con-full e-flex e-con e-child\" data-id=\"dda2129\" data-element_type=\"container\">\n\t\t\t\t<div class=\"elementor-element elementor-element-ce67f52 elementor-widget__width-initial elementor-widget elementor-widget-heading\" data-id=\"ce67f52\" data-element_type=\"widget\" data-widget_type=\"heading.default\">\n\t\t\t\t<div class=\"elementor-widget-container\">\n\t\t\t\t\t<h2 class=\"elementor-heading-title elementor-size-default\">The approach to work is simple but effective. I believe in a thorough analysis of your needs and goals. After an initial consultation, I set about creating a proposal that focuses on your brand, your target audience and your specific requirements. Throughout the project, I will be in close contact with you to make sure the outcome is exactly what you envision.<\/h2>\t\t\t\t<\/div>\n\t\t\t\t<\/div>\n\t\t\t\t<\/div>\n\t\t\t\t<\/div>\n\t\t\t\t<\/div>\n\t\t\t\t<\/div>\n\t\t\t\t\t<\/div>\n\t\t\t\t<\/div>\n\t\t<div class=\"elementor-element elementor-element-c5fba12 e-flex e-con-boxed e-con e-parent\" data-id=\"c5fba12\" data-element_type=\"container\" data-settings=\"{&quot;background_background&quot;:&quot;classic&quot;}\">\n\t\t\t\t\t<div class=\"e-con-inner\">\n\t\t\t\t<div class=\"elementor-element elementor-element-9a31e81 elementor-pagination-position-outside elementor--h-position-center elementor--v-position-middle elementor-arrows-position-inside elementor-widget elementor-widget-slides\" data-id=\"9a31e81\" data-element_type=\"widget\" data-settings=\"{&quot;autoplay_speed&quot;:10000,&quot;transition&quot;:&quot;fade&quot;,&quot;transition_speed&quot;:1000,&quot;navigation&quot;:&quot;both&quot;,&quot;autoplay&quot;:&quot;yes&quot;,&quot;pause_on_hover&quot;:&quot;yes&quot;,&quot;pause_on_interaction&quot;:&quot;yes&quot;,&quot;infinite&quot;:&quot;yes&quot;}\" data-widget_type=\"slides.default\">\n\t\t\t\t<div class=\"elementor-widget-container\">\n\t\t\t\t\t\t\t\t\t<div class=\"elementor-swiper\">\n\t\t\t\t\t<div class=\"elementor-slides-wrapper elementor-main-swiper swiper\" role=\"region\" aria-roledescription=\"carousel\" aria-label=\"Slides\" dir=\"ltr\" data-animation=\"\">\n\t\t\t\t<div class=\"swiper-wrapper elementor-slides\">\n\t\t\t\t\t\t\t\t\t\t<div class=\"elementor-repeater-item-ba9f155 swiper-slide\" role=\"group\" aria-roledescription=\"slide\"><div class=\"swiper-slide-bg\" role=\"img\"><\/div><div class=\"swiper-slide-inner\" ><div class=\"swiper-slide-contents\"><\/div><\/div><\/div><div class=\"elementor-repeater-item-ea75b59 swiper-slide\" role=\"group\" aria-roledescription=\"slide\"><div class=\"swiper-slide-bg\" role=\"img\"><\/div><div class=\"swiper-slide-inner\" ><div class=\"swiper-slide-contents\"><\/div><\/div><\/div><div class=\"elementor-repeater-item-11d7fa8 swiper-slide\" role=\"group\" aria-roledescription=\"slide\"><div class=\"swiper-slide-bg\" role=\"img\"><\/div><div class=\"swiper-slide-inner\" ><div class=\"swiper-slide-contents\"><\/div><\/div><\/div>\t\t\t\t<\/div>\n\t\t\t\t\t\t\t\t\t\t\t\t\t\t\t<div class=\"elementor-swiper-button elementor-swiper-button-prev\" role=\"button\" tabindex=\"0\" aria-label=\"Previous slide\">\n\t\t\t\t\t\t\t<svg aria-hidden=\"true\" class=\"e-font-icon-svg e-eicon-chevron-left\" viewbox=\"0 0 1000 1000\" xmlns=\"http:\/\/www.w3.org\/2000\/svg\"><path d=\"M646 125C629 125 613 133 604 142L308 442C296 454 292 471 292 487 292 504 296 521 308 533L604 854C617 867 629 875 646 875 663 875 679 871 692 858 704 846 713 829 713 812 713 796 708 779 692 767L438 487 692 225C700 217 708 204 708 187 708 171 704 154 692 142 675 129 663 125 646 125Z\"><\/path><\/svg>\t\t\t\t\t\t<\/div>\n\t\t\t\t\t\t<div class=\"elementor-swiper-button elementor-swiper-button-next\" role=\"button\" tabindex=\"0\" aria-label=\"Next slide\">\n\t\t\t\t\t\t\t<svg aria-hidden=\"true\" class=\"e-font-icon-svg e-eicon-chevron-right\" viewbox=\"0 0 1000 1000\" xmlns=\"http:\/\/www.w3.org\/2000\/svg\"><path d=\"M696 533C708 521 713 504 713 487 713 471 708 454 696 446L400 146C388 133 375 125 354 125 338 125 325 129 313 142 300 154 292 171 292 187 292 204 296 221 308 233L563 492 304 771C292 783 288 800 288 817 288 833 296 850 308 863 321 871 338 875 354 875 371 875 388 867 400 854L696 533Z\"><\/path><\/svg>\t\t\t\t\t\t<\/div>\n\t\t\t\t\t\t\t\t\t\t\t\t\t\t\t\t<div class=\"swiper-pagination\"><\/div>\n\t\t\t\t\t\t\t\t\t\t\t\t<\/div>\n\t\t\t\t<\/div>\n\t\t\t\t\t\t\t\t<\/div>\n\t\t\t\t<\/div>\n\t\t\t\t\t<\/div>\n\t\t\t\t<\/div>\n\t\t<div class=\"elementor-element elementor-element-d39a83b e-flex e-con-boxed e-con e-parent\" data-id=\"d39a83b\" data-element_type=\"container\" data-settings=\"{&quot;background_background&quot;:&quot;classic&quot;}\">\n\t\t\t\t\t<div class=\"e-con-inner\">\n\t\t<div class=\"elementor-element elementor-element-6b13a20 e-con-full e-flex e-con e-child\" data-id=\"6b13a20\" data-element_type=\"container\">\n\t\t<div class=\"elementor-element elementor-element-9a9aaa4 e-con-full e-flex e-con e-child\" data-id=\"9a9aaa4\" data-element_type=\"container\">\n\t\t\t\t<div class=\"elementor-element elementor-element-cb2efe7 elementor-widget__width-initial elementor-hidden-widescreen elementor-hidden-desktop elementor-hidden-laptop elementor-hidden-tablet_extra elementor-hidden-tablet elementor-hidden-mobile_extra elementor-hidden-mobile elementor-widget elementor-widget-heading\" data-id=\"cb2efe7\" data-element_type=\"widget\" data-widget_type=\"heading.default\">\n\t\t\t\t<div class=\"elementor-widget-container\">\n\t\t\t\t\t<h2 class=\"elementor-heading-title elementor-size-default\">Som Mat\u00fa\u0161<\/h2>\t\t\t\t<\/div>\n\t\t\t\t<\/div>\n\t\t\t\t<\/div>\n\t\t<div class=\"elementor-element elementor-element-57eb4c0 e-con-full e-flex e-con e-child\" data-id=\"57eb4c0\" data-element_type=\"container\">\n\t\t<div class=\"elementor-element elementor-element-1477b0d e-con-full e-flex e-con e-child\" data-id=\"1477b0d\" data-element_type=\"container\">\n\t\t<div class=\"elementor-element elementor-element-7995cef e-con-full e-flex e-con e-child\" data-id=\"7995cef\" data-element_type=\"container\">\n\t\t\t\t<div class=\"elementor-element elementor-element-f68bb73 elementor-widget__width-initial elementor-widget elementor-widget-heading\" data-id=\"f68bb73\" data-element_type=\"widget\" data-widget_type=\"heading.default\">\n\t\t\t\t<div class=\"elementor-widget-container\">\n\t\t\t\t\t<h2 class=\"elementor-heading-title elementor-size-default\">My mission is to create better interactions. To cut through the noise and remove the unnecessary to reveal what's important. We design for clarity, meaning and most importantly, positive impact. We believe that true innovation happens when people are at the center. Technology is our tool. Design is our language. Improving people's lives is our ultimate goal.\nSince 2016, we've partnered with brands who are in for the challenge, ready to go beyond the surface and dig deeper to build something that sparks real change. Something that truly resonates. Together, we don't just build products; we craft the brands the world runs on. Experiences that feel natural, effortless, and positively impactful. Simple isn't always easy, but we work to make it feel that way. This is what we do.\n\n<\/h2>\t\t\t\t<\/div>\n\t\t\t\t<\/div>\n\t\t\t\t<\/div>\n\t\t\t\t<\/div>\n\t\t\t\t<\/div>\n\t\t\t\t<\/div>\n\t\t\t\t\t<\/div>\n\t\t\t\t<\/div>\n\t\t\t\t<\/div>","protected":false},"excerpt":{"rendered":"<p>S\/om Mat\u00fa\u0161 Pr\u00edstup k pr\u00e1ci je jednoduch\u00fd, ale efekt\u00edvny. Ver\u00edm v d\u00f4kladn\u00fa anal\u00fdzu va\u0161ich potrieb a cie\u013eov. Po \u00favodnej konzult\u00e1cii sa pust\u00edm do tvorby n\u00e1vrhu, ktor\u00fd sa zameriava na va\u0161u zna\u010dku, va\u0161u cie\u013eov\u00fa skupinu a va\u0161e konkr\u00e9tne po\u017eiadavky. Po cel\u00fa dobu projektu budem s vami v \u00fazkom kontakte, aby sme sa uistili, \u017ee v\u00fdsledok je [&hellip;]<\/p>","protected":false},"author":1,"featured_media":0,"parent":0,"menu_order":0,"comment_status":"closed","ping_status":"closed","template":"elementor_header_footer","meta":{"inline_featured_image":false,"footnotes":""},"class_list":["post-36","page","type-page","status-publish","hentry"],"_links":{"self":[{"href":"https:\/\/matusmuzila.sk\/en\/wp-json\/wp\/v2\/pages\/36","targetHints":{"allow":["GET"]}}],"collection":[{"href":"https:\/\/matusmuzila.sk\/en\/wp-json\/wp\/v2\/pages"}],"about":[{"href":"https:\/\/matusmuzila.sk\/en\/wp-json\/wp\/v2\/types\/page"}],"author":[{"embeddable":true,"href":"https:\/\/matusmuzila.sk\/en\/wp-json\/wp\/v2\/users\/1"}],"replies":[{"embeddable":true,"href":"https:\/\/matusmuzila.sk\/en\/wp-json\/wp\/v2\/comments?post=36"}],"version-history":[{"count":39,"href":"https:\/\/matusmuzila.sk\/en\/wp-json\/wp\/v2\/pages\/36\/revisions"}],"predecessor-version":[{"id":850,"href":"https:\/\/matusmuzila.sk\/en\/wp-json\/wp\/v2\/pages\/36\/revisions\/850"}],"wp:attachment":[{"href":"https:\/\/matusmuzila.sk\/en\/wp-json\/wp\/v2\/media?parent=36"}],"curies":[{"name":"wp","href":"https:\/\/api.w.org\/{rel}","templated":true}]}}